{"id":259,"date":"2014-04-07T11:15:19","date_gmt":"2014-04-07T11:15:19","guid":{"rendered":"http:\/\/farben-mueller.ch\/FM\/?page_id=259"},"modified":"2025-08-22T15:12:27","modified_gmt":"2025-08-22T15:12:27","slug":"zubehoer","status":"publish","type":"page","link":"https:\/\/farben-mueller.ch\/FM\/sortiment-2\/zubehoer\/","title":{"rendered":"Zubeh\u00f6r"},"content":{"rendered":"<table border=\"0\">\n<tbody>\n<tr>\n<td valign=\"top\"><span style=\"font-family: arial,helvetica,sans-serif;\"><b style=\"vertical-align: super;\">Papier<\/b><\/span><\/td>\n<td valign=\"top\"><span style=\"font-family: arial,helvetica,sans-serif;\">Bl\u00f6cke : Hahnem\u00fchle \/ Canson \/ Fabriano \/ Winsor &#038; Newton<\/span><br \/>\n<span style=\"font-family: arial,helvetica,sans-serif;\">Einzelbogen weiss + bunt\u00a0<\/span><br \/>\n<span style=\"font-family: arial,helvetica,sans-serif;\"> Rollenpapier<\/span><br \/>\n<span style=\"font-family: arial,helvetica,sans-serif;\"> Skizzenb\u00fccher<\/span><br \/>\n<span style=\"font-family: arial,helvetica,sans-serif;\"> Malplatten 4mm mit Baumwollstoff \u00fcberzogen\u00a0<\/span><\/td>\n<\/tr>\n<tr>\n<td valign=\"top\"><span style=\"font-family: arial,helvetica,sans-serif;\"><b>Leinw\u00e4nde<\/b><\/span><\/td>\n<td valign=\"top\"><span style=\"font-family: arial,helvetica,sans-serif;\">35 verschieden Masse in 3 D und 2 cm Rahmenbreite In EU Qualit\u00e4t am Lager Leinw\u00e4nde nach Mass<\/span><br \/>\n<span style=\"font-family: arial,helvetica,sans-serif;\">Malgr\u00fcnde\u00a0 grundiert bis 210 cm Breite<\/span><br \/>\n<span style=\"font-family: arial,helvetica,sans-serif;\"> Aufspannservice f\u00fcr Bilder<\/span><\/td>\n<\/tr>\n<tr>\n<td valign=\"top\"><span style=\"font-family: arial,helvetica,sans-serif;\"><b>Keilrahmen<\/b><\/span><\/td>\n<td valign=\"top\"><span style=\"font-family: arial,helvetica,sans-serif;\">ab 20 cm bis 200 cm am Lager \/FSC Schweizer Produktion<\/span><\/td>\n<\/tr>\n<tr>\n<td valign=\"top\"><span style=\"font-family: arial,helvetica,sans-serif;\"><b>Staffeleien<\/b><\/span><\/td>\n<td valign=\"top\"><span style=\"font-family: arial,helvetica,sans-serif;\">verschiedene Modelle (FSC Holz)<\/span><\/td>\n<\/tr>\n<tr>\n<td valign=\"top\"><span style=\"font-family: arial,helvetica,sans-serif;\"><b>Pinsel<\/b><\/span><\/td>\n<td valign=\"top\"><span style=\"font-family: arial,helvetica,sans-serif;\"><strong>Echthaar und\u00a0vegane Pinsel<br \/>\n<\/strong><\/span><span style=\"font-family: arial,helvetica,sans-serif;\">Da Vinci<br \/>\nLascaux<\/span><br \/>\n<span style=\"font-family: arial,helvetica,sans-serif;\"> Bam<\/span><br \/>\n<span style=\"font-family: arial,helvetica,sans-serif;\"> PEKA<\/span><\/td>\n<\/tr>\n<tr>\n<td valign=\"top\"><span style=\"font-family: arial,helvetica,sans-serif;\"><b>Vergolden<\/b><\/span><\/td>\n<td valign=\"top\"><span style=\"font-family: arial,helvetica,sans-serif;\">Blattgold Schlagmetall\u00a0<\/span><\/td>\n<\/tr>\n<tr>\n<td valign=\"top\"><\/td>\n<td valign=\"top\"><\/td>\n<\/tr>\n<tr>\n<td colspan=\"2\" valign=\"top\"><span style=\"font-family: arial,helvetica,sans-serif;\"><b>Neonfarben \/ Nachleuchtfarbe\/ <\/b><b>Zeichenmappen Karton + Kunststoff \/\u00a0 Paletten \/ Spachtel \/ Cutter \/ Scheren &#8230;&#8230;<\/b><\/span><\/td>\n<\/tr>\n<tr>\n<td colspan=\"2\" valign=\"top\"><\/td>\n<\/tr>\n<\/tbody>\n<\/table>\n<p>&nbsp;<\/p>\n","protected":false},"excerpt":{"rendered":"<p>Papier Bl\u00f6cke : Hahnem\u00fchle \/ Canson \/ Fabriano \/ Winsor &#038; Newton Einzelbogen weiss + bunt\u00a0 Rollenpapier Skizzenb\u00fccher Malplatten 4mm mit Baumwollstoff \u00fcberzogen\u00a0 Leinw\u00e4nde 35 verschieden Masse in 3 D und 2 cm Rahmenbreite In EU Qualit\u00e4t am Lager Leinw\u00e4nde nach Mass Malgr\u00fcnde\u00a0 grundiert bis 210 cm Breite Aufspannservice f\u00fcr Bilder Keilrahmen ab 20 cm &hellip; <a href=\"https:\/\/farben-mueller.ch\/FM\/sortiment-2\/zubehoer\/\" class=\"more-link\"><span class=\"screen-reader-text\">Zubeh\u00f6r<\/span> weiterlesen <span class=\"meta-nav\">&rarr;<\/span><\/a><\/p>\n","protected":false},"author":1,"featured_media":0,"parent":339,"menu_order":13,"comment_status":"closed","ping_status":"closed","template":"","meta":{"footnotes":""},"class_list":["post-259","page","type-page","status-publish","hentry"],"_links":{"self":[{"href":"https:\/\/farben-mueller.ch\/FM\/wp-json\/wp\/v2\/pages\/259","targetHints":{"allow":["GET"]}}],"collection":[{"href":"https:\/\/farben-mueller.ch\/FM\/wp-json\/wp\/v2\/pages"}],"about":[{"href":"https:\/\/farben-mueller.ch\/FM\/wp-json\/wp\/v2\/types\/page"}],"author":[{"embeddable":true,"href":"https:\/\/farben-mueller.ch\/FM\/wp-json\/wp\/v2\/users\/1"}],"replies":[{"embeddable":true,"href":"https:\/\/farben-mueller.ch\/FM\/wp-json\/wp\/v2\/comments?post=259"}],"version-history":[{"count":28,"href":"https:\/\/farben-mueller.ch\/FM\/wp-json\/wp\/v2\/pages\/259\/revisions"}],"predecessor-version":[{"id":1001,"href":"https:\/\/farben-mueller.ch\/FM\/wp-json\/wp\/v2\/pages\/259\/revisions\/1001"}],"up":[{"embeddable":true,"href":"https:\/\/farben-mueller.ch\/FM\/wp-json\/wp\/v2\/pages\/339"}],"wp:attachment":[{"href":"https:\/\/farben-mueller.ch\/FM\/wp-json\/wp\/v2\/media?parent=259"}],"curies":[{"name":"wp","href":"https:\/\/api.w.org\/{rel}","templated":true}]}}