{"id":314,"date":"2014-04-19T15:59:36","date_gmt":"2014-04-19T15:59:36","guid":{"rendered":"http:\/\/farben-mueller.ch\/FM\/?page_id=314"},"modified":"2014-04-23T08:10:13","modified_gmt":"2014-04-23T08:10:13","slug":"ueber-uns","status":"publish","type":"page","link":"https:\/\/farben-mueller.ch\/FM\/ueber-uns\/","title":{"rendered":"\u00fcber uns"},"content":{"rendered":"<p>Seit bald hundert Jahren geh\u00f6rt das Farben Fachgesch\u00e4ft in der Metzgergasse zur St.Galler Altstadt.<\/p>\n<p>Im Jahre 1982 \u00fcbernahm Hans Kr\u00e4henb\u00fchl das Innenstadtgesch\u00e4ft und erweiterte es laufend.<\/p>\n<p>Auf zwei Stockwerken pr\u00e4sentiert sich ein grosses Sortiment f\u00fcr K\u00fcnstler-, Schul- und Baufarben.<\/p>\n<p>Mit jahrelanger Erfahrung, Weiterbildung und eigener Anwendung unterst\u00fctzt Sie das Inhaberpaar Hans + Bea Kr\u00e4henb\u00fchl mit einer kompetenten, pers\u00f6nlichen Beratung beim Kauf der Produkte.<\/p>\n<p>Gerne stecken wir Sie mit unserer Leidenschaft f\u00fcr Farben an.<\/p>\n","protected":false},"excerpt":{"rendered":"<p>Seit bald hundert Jahren geh\u00f6rt das Farben Fachgesch\u00e4ft in der Metzgergasse zur St.Galler Altstadt. Im Jahre 1982 \u00fcbernahm Hans Kr\u00e4henb\u00fchl das Innenstadtgesch\u00e4ft und erweiterte es laufend. Auf zwei Stockwerken pr\u00e4sentiert sich ein grosses Sortiment f\u00fcr K\u00fcnstler-, Schul- und Baufarben. Mit jahrelanger Erfahrung, Weiterbildung und eigener Anwendung unterst\u00fctzt Sie das Inhaberpaar Hans + Bea Kr\u00e4henb\u00fchl mit &hellip; <a href=\"https:\/\/farben-mueller.ch\/FM\/ueber-uns\/\" class=\"more-link\"><span class=\"screen-reader-text\">\u00fcber uns<\/span> weiterlesen <span class=\"meta-nav\">&rarr;<\/span><\/a><\/p>\n","protected":false},"author":2,"featured_media":0,"parent":0,"menu_order":20,"comment_status":"closed","ping_status":"closed","template":"","meta":{"footnotes":""},"class_list":["post-314","page","type-page","status-publish","hentry"],"_links":{"self":[{"href":"https:\/\/farben-mueller.ch\/FM\/wp-json\/wp\/v2\/pages\/314","targetHints":{"allow":["GET"]}}],"collection":[{"href":"https:\/\/farben-mueller.ch\/FM\/wp-json\/wp\/v2\/pages"}],"about":[{"href":"https:\/\/farben-mueller.ch\/FM\/wp-json\/wp\/v2\/types\/page"}],"author":[{"embeddable":true,"href":"https:\/\/farben-mueller.ch\/FM\/wp-json\/wp\/v2\/users\/2"}],"replies":[{"embeddable":true,"href":"https:\/\/farben-mueller.ch\/FM\/wp-json\/wp\/v2\/comments?post=314"}],"version-history":[{"count":1,"href":"https:\/\/farben-mueller.ch\/FM\/wp-json\/wp\/v2\/pages\/314\/revisions"}],"predecessor-version":[{"id":315,"href":"https:\/\/farben-mueller.ch\/FM\/wp-json\/wp\/v2\/pages\/314\/revisions\/315"}],"wp:attachment":[{"href":"https:\/\/farben-mueller.ch\/FM\/wp-json\/wp\/v2\/media?parent=314"}],"curies":[{"name":"wp","href":"https:\/\/api.w.org\/{rel}","templated":true}]}}